{"id":24,"date":"2015-03-30T21:05:48","date_gmt":"2015-03-30T19:05:48","guid":{"rendered":"http:\/\/nowa.dysonans.pl\/?page_id=24"},"modified":"2026-02-10T18:18:06","modified_gmt":"2026-02-10T17:18:06","slug":"osiagniecia","status":"publish","type":"page","link":"https:\/\/dysonans.pl\/en\/osiagniecia\/","title":{"rendered":"Achievements"},"content":{"rendered":"<ul>\n<li>2025 (November) \u2013 participation in the 14th International Choir Festival Entrecoros, Mexico City<\/li>\n<li>2024 (June) \u2013 Ist prize in the category of secular choirs, Polish Nationwide Festival of Religious Song \u201ePater Noster\u201d, Strzepcz, Poland (cond. Micha\u0142 Plichta)<\/li>\n<li>2023 (October) &#8211; participation in the City of Derry International Choir Festival<\/li>\n<li>2022 (November) &#8211; participation in the Stefan Stuligrosz Grand Prix of Polish Choral Music in Pozna\u0144<\/li>\n<li>2022 (October) &#8211; participation in the 17th Kazimierz Fober International Choir Festival &#8216;Gaude Cantem&#8217; in Bielsko-Bia\u0142a:\n<ul>\n<li>gold diploma and 1st place in the category of mixed choirs<\/li>\n<li>distinction for the most interesting interpretation of a work by a Polish composer (&#8216;Zachodzi s\u0142oneczko&#8217; by Witold Lutos\u0142awski in an arrangement by Pawe\u0142 \u0141ukaszewski)<\/li>\n<li>distinction for the best conductor of the festival for Magdalena Wdowicka-Mackiewicz<\/li>\n<li>Grand Prix of the competition and nomination for participation in the Stefan Stuligrosz Grand Prix of Polish Choral Music in Pozna\u0144<\/li>\n<\/ul>\n<\/li>\n<li>2022 (September) &#8211; participation in the 11th edition of the Pau Casals international Can\u00e7o Mediterrania festival in Lloret de Mar (Spain); prizes won in the adult choir category:\n<ul>\n<li>&#8216;excellent&#8217; gold diploma and first place in the folk music category (conducted by Magdalena Wdowicka-Mackiewicz)<\/li>\n<li>&#8216;excellent&#8217; gold diploma and first place in the sacred music category (conducted by Magdalena Wdowicka-Mackiewicz)<\/li>\n<li>gold diploma and first place in the category of Catalan music (conducted by Agata Domalewska)<\/li>\n<\/ul>\n<\/li>\n<li>2022 (June) &#8211; participation in the 21st Feliks Nowowiejski International Festival of Choral Music in Barczewo:\n<ul>\n<li>gold diploma in the main competition<\/li>\n<li>diploma for the best performance of an early music piece<\/li>\n<\/ul>\n<\/li>\n<li>2020 (March) &#8211; participation in the world premiere of &#8216;Te Deum&#8217; by Zbigniew Kozub, a piece written especially for the 100th anniversary of the I.J. Paderewski Academy of Music in Pozna\u0144<\/li>\n<li>2018 (April) &#8211; participation in the XII International Festival of Renaissance and Baroque music &#8216;Misiones de Chiquitos&#8217; in Bolivia<\/li>\n<li>2017 (June) &#8211; finalists of the London International A cappella Choral Competition.<\/li>\n<li>2016 (July) &#8211; 55\u00b0 Concorso Internazionale di Canto Corale, Gorizia, Italy:\n<ul>\n<li>1st place in Baroque category<\/li>\n<li>2nd place in Renaissance category<\/li>\n<li>5th place in the final phase (Grand Prix Seghizzi)<\/li>\n<li>an award for the conductor for the programme of&nbsp; the highest artistic interest<span class=\"text_exposed_show\"><br \/>\n<\/span><\/li>\n<\/ul>\n<\/li>\n<li>2015 (April) &#8211; workshops with a world-famous choir conductor Peter Phillips, the artistic director of The Tallis Scholars<\/li>\n<li>2014 (November) &#8211; performance in the Ist International Saxon Festival in Rydzyna<\/li>\n<li>2014 (August) &#8211; participation in the 62nd International Polyphonic Competition in Arezzo<\/li>\n<li>2014 (April) &#8211; participation in the prestigious London International A Cappella Choir Competition as the sole Polish choir<\/li>\n<li>2012 (November) &#8211; the Grand Prix in the 15th Choir Festival in \u0141\u00f3d\u017a &#8216;Cantio Lodziensis&#8217;<\/li>\n<li>2012 (October) &#8211; 3rd Prize in the mixed choir category in the International Choir Competition in Rimini, Italy<\/li>\n<li>2011 (July) &#8211; Grand Prix of the 46th International Festival of Choral Song in Mi\u0119dzyzdroje in the &#8216;Musica Sacra&#8217; competition, a Golden Diploma in category &#8216;A&#8217; (contemporary song competition), and a special prize funded by the Association of Merchants and Entrepreneurs of the Town of Mi\u0119dzyzdroje<\/li>\n<li>2010 (October) &#8211; first prize for category &#8216;A&#8217; choirs at the 22nd International&nbsp;Festival of Religious Music in Rumia, Poland &#8211; cash prize and invitation to&nbsp;participate in the 46th International Festival of Choir Song in&nbsp;Mi\u0119dzyzdroje, Poland, in 2011<\/li>\n<li>2009 (July) &#8211; participation in the International Choral Competition &#8216;C.A. Seghizzi&#8217; in Gorizia (Italy), the trip was financed from the funds of Polish Ministry of Culture and National Heritage<\/li>\n<li>2008 (October) &#8211; The 4th International K. Fober Choir Competition &#8216;Gaude Cantem&#8217; in Bielsko Biala, Poland &#8211; 1st place and a golden diploma in the category of mixed choirs, a prize for the most interesting interpretation of a sacred piece, a prize for the most interesting interpretation of a Polish composer&#8217;s piece, a prize and a cup of the Chancellor of the Karol Szymanowski Academy of Music in Katowice for the best conductor of the festival &#8211; Magdalena Wdowicka-Mackiewicz<\/li>\n<li>2007 (September) &#8211; participation in the International Choir Contest of Flanders, Maasmechelen, Belgium<\/li>\n<li>2006 &#8211; participation in the 11th Neuch\u00e2tel International Choral Festival, Switzerland<\/li>\n<li>2004 &#8211; 1st prize in the category of secular choirs at the all-Polish competition &#8216;Ars Liturgica&#8217;, Toru\u0144, Poland<\/li>\n<li>2003 &#8211; 1st prize in the category of secular choirs at the all-Polish contest of Passion song, Bydgoszcz, Poland<\/li>\n<li>2001 &#8211; participation in semi-finals of&nbsp; &#8216;Let the People Sing&#8217; choir competition organised by the BBC Radio<\/li>\n<li>2000 &#8211; 2nd prize in chamber choirs category, special prize of the State Polish Radio for &#8216;the ensemble that has proved the best sound values&#8217; at the 31st all-Polish choir competition &#8216;Legnica Cantat&#8217;, Poland<\/li>\n<li>1998 &#8211; 3rd prize in the category of vocal ensembles at the 46th International Polyphonic Competition of Guido d&#8217;Arezzo, Italy<\/li>\n<li>1997 &#8211; 3rd prize at the 5th International Choir Festival in Oskarshamn, Sweden<\/li>\n<\/ul>","protected":false},"excerpt":{"rendered":"<p class=\"post-excerpt\">2025 (November) \u2013 participation in the 14th International Choir Festival Entrecoros, Mexico City 2024 (June) \u2013 Ist prize in the&#8230;<\/p>\n","protected":false},"author":1,"featured_media":0,"parent":0,"menu_order":0,"comment_status":"closed","ping_status":"closed","template":"template-fullwidth.php","meta":{"ngg_post_thumbnail":0,"footnotes":""},"class_list":["post-24","page","type-page","status-publish","hentry"],"_links":{"self":[{"href":"https:\/\/dysonans.pl\/en\/wp-json\/wp\/v2\/pages\/24","targetHints":{"allow":["GET"]}}],"collection":[{"href":"https:\/\/dysonans.pl\/en\/wp-json\/wp\/v2\/pages"}],"about":[{"href":"https:\/\/dysonans.pl\/en\/wp-json\/wp\/v2\/types\/page"}],"author":[{"embeddable":true,"href":"https:\/\/dysonans.pl\/en\/wp-json\/wp\/v2\/users\/1"}],"replies":[{"embeddable":true,"href":"https:\/\/dysonans.pl\/en\/wp-json\/wp\/v2\/comments?post=24"}],"version-history":[{"count":19,"href":"https:\/\/dysonans.pl\/en\/wp-json\/wp\/v2\/pages\/24\/revisions"}],"predecessor-version":[{"id":2926,"href":"https:\/\/dysonans.pl\/en\/wp-json\/wp\/v2\/pages\/24\/revisions\/2926"}],"wp:attachment":[{"href":"https:\/\/dysonans.pl\/en\/wp-json\/wp\/v2\/media?parent=24"}],"curies":[{"name":"wp","href":"https:\/\/api.w.org\/{rel}","templated":true}]}}